{"id":5692,"date":"2024-06-03T18:08:05","date_gmt":"2024-06-03T16:08:05","guid":{"rendered":"https:\/\/www.krings.com\/?post_type=product&#038;p=5692"},"modified":"2025-10-15T08:22:01","modified_gmt":"2025-10-15T06:22:01","slug":"systeme-coulissant-glissieres-dangle","status":"publish","type":"product","link":"https:\/\/www.krings.com\/fr_fr\/produit\/systeme-coulissant-glissieres-dangle\/","title":{"rendered":"Syst\u00e8me Coulissant Glissi\u00e8res d\u2019Angle ECK"},"content":{"rendered":"","protected":false},"excerpt":{"rendered":"<p class=\" text-justify\">Les glissi\u00e8res d&rsquo;angle\u00a0<b>ECK<\/b> assurent un confort et une s\u00e9curit\u00e9 de travail pour des fouilles sur 4 faces.<\/p>\n<p class=\" text-justify\">Rapide et facile \u00e0 mettre en place, ce syst\u00e8me permet d&rsquo;obtenir un puits blind\u00e9 sur 4 faces. Ce syst\u00e8me offre des applications diverses <strong>(puits de fon\u00e7age, pose de s\u00e9parateurs, de d\u00e9canteurs, pose de regards, cr\u00e9ation de piles de pont, fouilles arch\u00e9ologiques, etc&#8230;).<\/strong><\/p>\n<p class=\" text-justify\">Les profondeurs de terrassement varient entre\u00a0<b>2.4m et 8.0m<\/b>.<\/p>\n<p class=\" text-justify\">Les panneaux utilis\u00e9s\u00a0 identiques \u00e0 ceux des autres syst\u00e8mes coulissants (FP, PV).<\/p>\n<p class=\" text-justify\">Tous ces panneaux peuvent \u00eatre \u00e9quip\u00e9s de panneaux r\u00e9hausse.<\/p>\n<p>Diff\u00e9rentes configurations sont possibles pour composer des puits de grande longueur<\/p>\n","protected":false},"featured_media":5699,"template":"","meta":{"_acf_changed":false},"product_brand":[],"product_cat":[75],"product_tag":[],"class_list":{"0":"post-5692","1":"product","2":"type-product","3":"status-publish","4":"has-post-thumbnail","6":"product_cat-jointifs-coulissants","8":"first","9":"instock","10":"shipping-taxable","11":"product-type-simple"},"acf":[],"_links":{"self":[{"href":"https:\/\/www.krings.com\/fr_fr\/wp-json\/wp\/v2\/product\/5692","targetHints":{"allow":["GET"]}}],"collection":[{"href":"https:\/\/www.krings.com\/fr_fr\/wp-json\/wp\/v2\/product"}],"about":[{"href":"https:\/\/www.krings.com\/fr_fr\/wp-json\/wp\/v2\/types\/product"}],"wp:featuredmedia":[{"embeddable":true,"href":"https:\/\/www.krings.com\/fr_fr\/wp-json\/wp\/v2\/media\/5699"}],"wp:attachment":[{"href":"https:\/\/www.krings.com\/fr_fr\/wp-json\/wp\/v2\/media?parent=5692"}],"wp:term":[{"taxonomy":"product_brand","embeddable":true,"href":"https:\/\/www.krings.com\/fr_fr\/wp-json\/wp\/v2\/product_brand?post=5692"},{"taxonomy":"product_cat","embeddable":true,"href":"https:\/\/www.krings.com\/fr_fr\/wp-json\/wp\/v2\/product_cat?post=5692"},{"taxonomy":"product_tag","embeddable":true,"href":"https:\/\/www.krings.com\/fr_fr\/wp-json\/wp\/v2\/product_tag?post=5692"}],"curies":[{"name":"wp","href":"https:\/\/api.w.org\/{rel}","templated":true}]}}