{"id":5685,"date":"2024-06-03T18:06:46","date_gmt":"2024-06-03T16:06:46","guid":{"rendered":"https:\/\/www.krings.com\/?post_type=product&#038;p=5685"},"modified":"2026-04-10T08:51:19","modified_gmt":"2026-04-10T06:51:19","slug":"coulissant-a-verins-double-glissiere-dgfp","status":"publish","type":"product","link":"https:\/\/www.krings.com\/fr_fr\/produit\/coulissant-a-verins-double-glissiere-dgfp\/","title":{"rendered":"Coulissant \u00c0 V\u00e9rins Double Glissi\u00e8re DGFP"},"content":{"rendered":"","protected":false},"excerpt":{"rendered":"<p class=\" text-justify\">Les glissi\u00e8res doubles type\u00a0<b>DGFP<\/b> sont les pionni\u00e8res du blindage de tranch\u00e9e grande surface.<\/p>\n<p class=\" text-justify\">La simplicit\u00e9 ainsi que la rapidit\u00e9 de montage en font\u00a0<u>un atout de polyvalence et de multi fonctionnalit\u00e9<\/u>\u00a0dans la majorit\u00e9 des tranch\u00e9es \u00e0 travers le monde.<\/p>\n<p>Le butonnage se fait gr\u00e2ce \u00e0 des v\u00e9rins m\u00e9caniques r\u00e9glables (comme ceux des caissons KS)<\/p>\n<p class=\" text-justify\">En utilisant des rehausses de glissi\u00e8res, ce syst\u00e8me peut descendre jusqu&rsquo;\u00e0\u00a0<b>7.4m<\/b>.<\/p>\n","protected":false},"featured_media":5687,"template":"","meta":{"_acf_changed":false},"product_brand":[],"product_cat":[75],"product_tag":[],"class_list":{"0":"post-5685","1":"product","2":"type-product","3":"status-publish","4":"has-post-thumbnail","6":"product_cat-jointifs-coulissants","8":"first","9":"instock","10":"shipping-taxable","11":"product-type-simple"},"acf":[],"_links":{"self":[{"href":"https:\/\/www.krings.com\/fr_fr\/wp-json\/wp\/v2\/product\/5685","targetHints":{"allow":["GET"]}}],"collection":[{"href":"https:\/\/www.krings.com\/fr_fr\/wp-json\/wp\/v2\/product"}],"about":[{"href":"https:\/\/www.krings.com\/fr_fr\/wp-json\/wp\/v2\/types\/product"}],"wp:featuredmedia":[{"embeddable":true,"href":"https:\/\/www.krings.com\/fr_fr\/wp-json\/wp\/v2\/media\/5687"}],"wp:attachment":[{"href":"https:\/\/www.krings.com\/fr_fr\/wp-json\/wp\/v2\/media?parent=5685"}],"wp:term":[{"taxonomy":"product_brand","embeddable":true,"href":"https:\/\/www.krings.com\/fr_fr\/wp-json\/wp\/v2\/product_brand?post=5685"},{"taxonomy":"product_cat","embeddable":true,"href":"https:\/\/www.krings.com\/fr_fr\/wp-json\/wp\/v2\/product_cat?post=5685"},{"taxonomy":"product_tag","embeddable":true,"href":"https:\/\/www.krings.com\/fr_fr\/wp-json\/wp\/v2\/product_tag?post=5685"}],"curies":[{"name":"wp","href":"https:\/\/api.w.org\/{rel}","templated":true}]}}