{"id":5674,"date":"2024-06-03T18:03:06","date_gmt":"2024-06-03T16:03:06","guid":{"rendered":"https:\/\/www.krings.com\/?post_type=product&#038;p=5674"},"modified":"2025-10-16T10:59:05","modified_gmt":"2025-10-16T08:59:05","slug":"coulissant-parallele-simple-glissiere-epgv","status":"publish","type":"product","link":"https:\/\/www.krings.com\/fr_fr\/produit\/coulissant-parallele-simple-glissiere-epgv\/","title":{"rendered":"Coulissant Parall\u00e8le Simple Glissi\u00e8re EGPV"},"content":{"rendered":"","protected":false},"excerpt":{"rendered":"<p class=\" text-justify\">Les glissi\u00e8res simples du syst\u00e8me parall\u00e8le\u00a0<b>EGPV KIF<\/b>\u00a0r\u00e9pondent aux exigences de r\u00e9sistance et de confort de travail.<\/p>\n<p class=\" text-justify\">La robustesse des butons en HEB en fait un syst\u00e8me rassurant et facile d&rsquo;utilisation. Le chariot en forme de parall\u00e9logramme assure un champ de vision maximum au conducteur de la pelle et offre une grande hauteur libre sous butons.<\/p>\n<p class=\" text-justify\">Le simple rail de r\u00e9ception des panneaux all\u00e8ge consid\u00e9rablement le poids des \u00e9l\u00e9ments coulissants.<\/p>\n","protected":false},"featured_media":5676,"template":"","meta":{"_acf_changed":false},"product_brand":[],"product_cat":[75],"product_tag":[],"class_list":{"0":"post-5674","1":"product","2":"type-product","3":"status-publish","4":"has-post-thumbnail","6":"product_cat-jointifs-coulissants","8":"first","9":"instock","10":"shipping-taxable","11":"product-type-simple"},"acf":[],"_links":{"self":[{"href":"https:\/\/www.krings.com\/fr_fr\/wp-json\/wp\/v2\/product\/5674","targetHints":{"allow":["GET"]}}],"collection":[{"href":"https:\/\/www.krings.com\/fr_fr\/wp-json\/wp\/v2\/product"}],"about":[{"href":"https:\/\/www.krings.com\/fr_fr\/wp-json\/wp\/v2\/types\/product"}],"wp:featuredmedia":[{"embeddable":true,"href":"https:\/\/www.krings.com\/fr_fr\/wp-json\/wp\/v2\/media\/5676"}],"wp:attachment":[{"href":"https:\/\/www.krings.com\/fr_fr\/wp-json\/wp\/v2\/media?parent=5674"}],"wp:term":[{"taxonomy":"product_brand","embeddable":true,"href":"https:\/\/www.krings.com\/fr_fr\/wp-json\/wp\/v2\/product_brand?post=5674"},{"taxonomy":"product_cat","embeddable":true,"href":"https:\/\/www.krings.com\/fr_fr\/wp-json\/wp\/v2\/product_cat?post=5674"},{"taxonomy":"product_tag","embeddable":true,"href":"https:\/\/www.krings.com\/fr_fr\/wp-json\/wp\/v2\/product_tag?post=5674"}],"curies":[{"name":"wp","href":"https:\/\/api.w.org\/{rel}","templated":true}]}}