{"id":5666,"date":"2024-06-03T18:00:02","date_gmt":"2024-06-03T16:00:02","guid":{"rendered":"https:\/\/www.krings.com\/?post_type=product&#038;p=5666"},"modified":"2025-10-09T10:30:33","modified_gmt":"2025-10-09T08:30:33","slug":"coulissant-parallele-double-glissiere-dpgv","status":"publish","type":"product","link":"https:\/\/www.krings.com\/fr_fr\/produit\/coulissant-parallele-double-glissiere-dpgv\/","title":{"rendered":"Coulissant Parall\u00e8le Double Glissi\u00e8re DGPV"},"content":{"rendered":"","protected":false},"excerpt":{"rendered":"<p>La r\u00e9sistance, la facilit\u00e9 et le confort de travail qu&rsquo;offrent ce syst\u00e8me en font aujourd&rsquo;hui, le blindage jointif coulissant\u00a0<u>le plus utilis\u00e9<\/u>\u00a0sur les chantiers.<\/p>\n<p class=\" text-justify\">Les glissi\u00e8res sont maintenues parall\u00e8lement gr\u00e2ce au chariot rigide faisant office de butons. Ce dernier coulisse dans le sens de la hauteur durant la descente par havage.<\/p>\n<p class=\" text-justify\">Il est remont\u00e9 en derni\u00e8re \u00e9tape pour d\u00e9gager un espace libre et suffisant afin de r\u00e9aliser l&rsquo;ouvrage.<\/p>\n","protected":false},"featured_media":5667,"template":"","meta":{"_acf_changed":false},"product_brand":[],"product_cat":[75],"product_tag":[],"class_list":{"0":"post-5666","1":"product","2":"type-product","3":"status-publish","4":"has-post-thumbnail","6":"product_cat-jointifs-coulissants","8":"first","9":"instock","10":"shipping-taxable","11":"product-type-simple"},"acf":[],"_links":{"self":[{"href":"https:\/\/www.krings.com\/fr_fr\/wp-json\/wp\/v2\/product\/5666","targetHints":{"allow":["GET"]}}],"collection":[{"href":"https:\/\/www.krings.com\/fr_fr\/wp-json\/wp\/v2\/product"}],"about":[{"href":"https:\/\/www.krings.com\/fr_fr\/wp-json\/wp\/v2\/types\/product"}],"wp:featuredmedia":[{"embeddable":true,"href":"https:\/\/www.krings.com\/fr_fr\/wp-json\/wp\/v2\/media\/5667"}],"wp:attachment":[{"href":"https:\/\/www.krings.com\/fr_fr\/wp-json\/wp\/v2\/media?parent=5666"}],"wp:term":[{"taxonomy":"product_brand","embeddable":true,"href":"https:\/\/www.krings.com\/fr_fr\/wp-json\/wp\/v2\/product_brand?post=5666"},{"taxonomy":"product_cat","embeddable":true,"href":"https:\/\/www.krings.com\/fr_fr\/wp-json\/wp\/v2\/product_cat?post=5666"},{"taxonomy":"product_tag","embeddable":true,"href":"https:\/\/www.krings.com\/fr_fr\/wp-json\/wp\/v2\/product_tag?post=5666"}],"curies":[{"name":"wp","href":"https:\/\/api.w.org\/{rel}","templated":true}]}}