{"id":5656,"date":"2024-06-03T17:36:12","date_gmt":"2024-06-03T15:36:12","guid":{"rendered":"https:\/\/www.krings.com\/?post_type=product&#038;p=5656"},"modified":"2025-04-16T14:09:00","modified_gmt":"2025-04-16T12:09:00","slug":"caisson-guide-kkp","status":"publish","type":"product","link":"https:\/\/www.krings.com\/fr_fr\/produit\/caisson-guide-kkp\/","title":{"rendered":"Caisson Guide KKP"},"content":{"rendered":"","protected":false},"excerpt":{"rendered":"<p>Toujours dans un souci de productivit\u00e9, de s\u00e9curit\u00e9 et de protection de l&rsquo;environnement, KRINGS a d\u00e9velopp\u00e9 un syst\u00e8me de ceinture palfeuilles qui assure un guidage parfait et permanent des palfeuilles.<\/p>\n<p>Ce syst\u00e8me permet\u00a0<u>d&rsquo;appr\u00e9hender les passages d&rsquo;obstacles transversaux<\/u>\u00a0jusque l\u00e0 consid\u00e9r\u00e9s comme insurmontables.<\/p>\n<p>Les guides palfeuilles offrent une\u00a0<b>adaptabilit\u00e9 parfaite<\/b>, une\u00a0<b>s\u00e9curit\u00e9 permanente<\/b>\u00a0tout en pr\u00e9servant une\u00a0<b>productivit\u00e9 optimale<\/b>.<\/p>\n<p>Les guides KKP sont \u00e9quip\u00e9s de v\u00e9rins de type KS.<\/p>\n<p>L&rsquo;adaptation de profils sp\u00e9ciaux sur les panneaux guides KKP permettent \u00e0 ces derniers d&rsquo;\u00eatre utilis\u00e9s en compl\u00e9ment du blindage jointif coulissant.<\/p>\n<p>Les KKP n\u00e9cessitent des palfeuilles de type KD6.8 (50 kg\/ml).<\/p>\n","protected":false},"featured_media":5657,"template":"","meta":{"_acf_changed":false},"product_brand":[],"product_cat":[74],"product_tag":[],"class_list":{"0":"post-5656","1":"product","2":"type-product","3":"status-publish","4":"has-post-thumbnail","6":"product_cat-caissons-monoblocs","8":"first","9":"instock","10":"shipping-taxable","11":"product-type-simple"},"acf":[],"_links":{"self":[{"href":"https:\/\/www.krings.com\/fr_fr\/wp-json\/wp\/v2\/product\/5656","targetHints":{"allow":["GET"]}}],"collection":[{"href":"https:\/\/www.krings.com\/fr_fr\/wp-json\/wp\/v2\/product"}],"about":[{"href":"https:\/\/www.krings.com\/fr_fr\/wp-json\/wp\/v2\/types\/product"}],"wp:featuredmedia":[{"embeddable":true,"href":"https:\/\/www.krings.com\/fr_fr\/wp-json\/wp\/v2\/media\/5657"}],"wp:attachment":[{"href":"https:\/\/www.krings.com\/fr_fr\/wp-json\/wp\/v2\/media?parent=5656"}],"wp:term":[{"taxonomy":"product_brand","embeddable":true,"href":"https:\/\/www.krings.com\/fr_fr\/wp-json\/wp\/v2\/product_brand?post=5656"},{"taxonomy":"product_cat","embeddable":true,"href":"https:\/\/www.krings.com\/fr_fr\/wp-json\/wp\/v2\/product_cat?post=5656"},{"taxonomy":"product_tag","embeddable":true,"href":"https:\/\/www.krings.com\/fr_fr\/wp-json\/wp\/v2\/product_tag?post=5656"}],"curies":[{"name":"wp","href":"https:\/\/api.w.org\/{rel}","templated":true}]}}