{"id":5645,"date":"2024-06-03T17:27:43","date_gmt":"2024-06-03T15:27:43","guid":{"rendered":"https:\/\/www.krings.com\/?post_type=product&#038;p=5645"},"modified":"2025-10-15T08:39:23","modified_gmt":"2025-10-15T06:39:23","slug":"caisson-regard-kseck","status":"publish","type":"product","link":"https:\/\/www.krings.com\/fr_fr\/produit\/caisson-regard-kseck\/","title":{"rendered":"Caisson Regard KSECK"},"content":{"rendered":"","protected":false},"excerpt":{"rendered":"<p>Le\u00a0<b>caisson de regard<\/b>\u00a0KSECK se d\u00e9cline dans toutes les gammes des caissons monoblocs.<\/p>\n<p>Il est le compl\u00e9ment id\u00e9al pour les caissons monoblocs classiques que sont les caissons l\u00e9gers KVL, les KS60 et les KS100.<\/p>\n<p>Les retours renforc\u00e9s des extr\u00e9mit\u00e9s augmentent l&rsquo;indice s\u00e9curit\u00e9 des chantiers de pose de canalisation.<\/p>\n<p>Ces caissons peuvent aussi \u00eatre utilis\u00e9s principalement pour la pose des regards pr\u00e9fabriqu\u00e9s.<\/p>\n","protected":false},"featured_media":5646,"template":"","meta":{"_acf_changed":false},"product_brand":[],"product_cat":[74],"product_tag":[],"class_list":{"0":"post-5645","1":"product","2":"type-product","3":"status-publish","4":"has-post-thumbnail","6":"product_cat-caissons-monoblocs","8":"first","9":"instock","10":"shipping-taxable","11":"product-type-simple"},"acf":[],"_links":{"self":[{"href":"https:\/\/www.krings.com\/fr_fr\/wp-json\/wp\/v2\/product\/5645","targetHints":{"allow":["GET"]}}],"collection":[{"href":"https:\/\/www.krings.com\/fr_fr\/wp-json\/wp\/v2\/product"}],"about":[{"href":"https:\/\/www.krings.com\/fr_fr\/wp-json\/wp\/v2\/types\/product"}],"wp:featuredmedia":[{"embeddable":true,"href":"https:\/\/www.krings.com\/fr_fr\/wp-json\/wp\/v2\/media\/5646"}],"wp:attachment":[{"href":"https:\/\/www.krings.com\/fr_fr\/wp-json\/wp\/v2\/media?parent=5645"}],"wp:term":[{"taxonomy":"product_brand","embeddable":true,"href":"https:\/\/www.krings.com\/fr_fr\/wp-json\/wp\/v2\/product_brand?post=5645"},{"taxonomy":"product_cat","embeddable":true,"href":"https:\/\/www.krings.com\/fr_fr\/wp-json\/wp\/v2\/product_cat?post=5645"},{"taxonomy":"product_tag","embeddable":true,"href":"https:\/\/www.krings.com\/fr_fr\/wp-json\/wp\/v2\/product_tag?post=5645"}],"curies":[{"name":"wp","href":"https:\/\/api.w.org\/{rel}","templated":true}]}}