{"id":5634,"date":"2024-06-03T17:23:58","date_gmt":"2024-06-03T15:23:58","guid":{"rendered":"https:\/\/www.krings.com\/?post_type=product&#038;p=5634"},"modified":"2025-10-09T09:57:22","modified_gmt":"2025-10-09T07:57:22","slug":"caisson-standard-ks100","status":"publish","type":"product","link":"https:\/\/www.krings.com\/fr_fr\/produit\/caisson-standard-ks100\/","title":{"rendered":"Caisson Standard KS100"},"content":{"rendered":"","protected":false},"excerpt":{"rendered":"<p>Le caisson monobloc KS100 est le blindage le plus utilis\u00e9. Sa robustesse, sa polyvalence ainsi que sa facilit\u00e9 de mise en \u0153uvre offrent l&rsquo;opportunit\u00e9 de r\u00e9pondre \u00e0 grand nombre de chantiers \u00e0 ciel ouvert.<\/p>\n<p>Ce caisson est si robuste qu&rsquo;il peut se d\u00e9cliner jusqu&rsquo;\u00e0 des longueurs de panneaux de plus de 5m ainsi que des hauteurs d&rsquo;environ 3m (avec deux v\u00e9rins \u00e0 chaque extr\u00e9mit\u00e9).<\/p>\n<p>Le caisson standard dont la hauteur du panneau est 2.4m assure un transport facile dans les moyens conventionnels. Ce dernier b\u00e9n\u00e9ficie toutefois d&rsquo;une hauteur libre sous v\u00e9rins de plus de 1.5m.<\/p>\n<p>Il peut \u00eatre utilis\u00e9 jusqu&rsquo;\u00e0 6.0m de profondeur selon le terrain.<\/p>\n","protected":false},"featured_media":5635,"template":"","meta":{"_acf_changed":false},"product_brand":[],"product_cat":[74],"product_tag":[],"class_list":{"0":"post-5634","1":"product","2":"type-product","3":"status-publish","4":"has-post-thumbnail","6":"product_cat-caissons-monoblocs","8":"first","9":"instock","10":"shipping-taxable","11":"product-type-simple"},"acf":[],"_links":{"self":[{"href":"https:\/\/www.krings.com\/fr_fr\/wp-json\/wp\/v2\/product\/5634","targetHints":{"allow":["GET"]}}],"collection":[{"href":"https:\/\/www.krings.com\/fr_fr\/wp-json\/wp\/v2\/product"}],"about":[{"href":"https:\/\/www.krings.com\/fr_fr\/wp-json\/wp\/v2\/types\/product"}],"wp:featuredmedia":[{"embeddable":true,"href":"https:\/\/www.krings.com\/fr_fr\/wp-json\/wp\/v2\/media\/5635"}],"wp:attachment":[{"href":"https:\/\/www.krings.com\/fr_fr\/wp-json\/wp\/v2\/media?parent=5634"}],"wp:term":[{"taxonomy":"product_brand","embeddable":true,"href":"https:\/\/www.krings.com\/fr_fr\/wp-json\/wp\/v2\/product_brand?post=5634"},{"taxonomy":"product_cat","embeddable":true,"href":"https:\/\/www.krings.com\/fr_fr\/wp-json\/wp\/v2\/product_cat?post=5634"},{"taxonomy":"product_tag","embeddable":true,"href":"https:\/\/www.krings.com\/fr_fr\/wp-json\/wp\/v2\/product_tag?post=5634"}],"curies":[{"name":"wp","href":"https:\/\/api.w.org\/{rel}","templated":true}]}}