{"id":5618,"date":"2024-06-03T17:08:56","date_gmt":"2024-06-03T15:08:56","guid":{"rendered":"https:\/\/www.krings.com\/?post_type=product&#038;p=5618"},"modified":"2025-10-09T09:58:02","modified_gmt":"2025-10-09T07:58:02","slug":"caisson-standard-ks60","status":"publish","type":"product","link":"https:\/\/www.krings.com\/fr_fr\/produit\/caisson-standard-ks60\/","title":{"rendered":"Caisson Standard KS60"},"content":{"rendered":"","protected":false},"excerpt":{"rendered":"<p class=\" text-justify\">Le caisson monobloc\u00a0<b>KS60<\/b>\u00a0\u00e0 \u00e9taiement lat\u00e9ral offre une capacit\u00e9 de reprise d&rsquo;efforts performante tout en pr\u00e9servant un confort et un atout de l\u00e9g\u00e8ret\u00e9 non n\u00e9gligeable.<\/p>\n<p class=\" text-justify\">Sa maniabilit\u00e9 et sa r\u00e9sistance permettent un\u00a0<b>confort d&rsquo;utilisation<\/b>\u00a0aussi bien dans les tranch\u00e9es de faibles profondeurs que dans celles plus importantes. Si la nature du terrain l&rsquo;exige, les articulations \u00e0 ressorts des v\u00e9rins permettent une descente du syst\u00e8me par havage, c&rsquo;est-\u00e0-dire au fur et \u00e0 mesure du terrassement.<\/p>\n<p class=\" text-justify\"><strong>Les v\u00e9rins m\u00e9caniques r\u00e9glables en largeur<\/strong> sont con\u00e7us pour r\u00e9pondre \u00e0 des sollicitations extr\u00eames. Leur constitution permet de recevoir des extensions de v\u00e9rins et de moduler ainsi les largeurs de fouilles \u00e0 convenance.<\/p>\n","protected":false},"featured_media":5619,"template":"","meta":{"_acf_changed":false},"product_brand":[],"product_cat":[74],"product_tag":[],"class_list":{"0":"post-5618","1":"product","2":"type-product","3":"status-publish","4":"has-post-thumbnail","6":"product_cat-caissons-monoblocs","8":"first","9":"instock","10":"shipping-taxable","11":"product-type-simple"},"acf":[],"_links":{"self":[{"href":"https:\/\/www.krings.com\/fr_fr\/wp-json\/wp\/v2\/product\/5618","targetHints":{"allow":["GET"]}}],"collection":[{"href":"https:\/\/www.krings.com\/fr_fr\/wp-json\/wp\/v2\/product"}],"about":[{"href":"https:\/\/www.krings.com\/fr_fr\/wp-json\/wp\/v2\/types\/product"}],"wp:featuredmedia":[{"embeddable":true,"href":"https:\/\/www.krings.com\/fr_fr\/wp-json\/wp\/v2\/media\/5619"}],"wp:attachment":[{"href":"https:\/\/www.krings.com\/fr_fr\/wp-json\/wp\/v2\/media?parent=5618"}],"wp:term":[{"taxonomy":"product_brand","embeddable":true,"href":"https:\/\/www.krings.com\/fr_fr\/wp-json\/wp\/v2\/product_brand?post=5618"},{"taxonomy":"product_cat","embeddable":true,"href":"https:\/\/www.krings.com\/fr_fr\/wp-json\/wp\/v2\/product_cat?post=5618"},{"taxonomy":"product_tag","embeddable":true,"href":"https:\/\/www.krings.com\/fr_fr\/wp-json\/wp\/v2\/product_tag?post=5618"}],"curies":[{"name":"wp","href":"https:\/\/api.w.org\/{rel}","templated":true}]}}